{"id":478,"date":"2019-10-17T11:32:41","date_gmt":"2019-10-17T09:32:41","guid":{"rendered":"http:\/\/chirurgiefoiepancreas.fr\/fr\/?page_id=478"},"modified":"2019-10-17T16:28:28","modified_gmt":"2019-10-17T14:28:28","slug":"credits","status":"publish","type":"page","link":"https:\/\/chirurgiefoiepancreas.fr\/fr\/credits\/","title":{"rendered":"Cr\u00e9dits"},"content":{"rendered":"<p>Ce site internet est le r\u00e9sultat d\u2019une coop\u00e9ration cr\u00e9ative, en co-cr\u00e9ation avec le Pr. Ph. Bachellier et son \u00e9quipe :<\/p>\n<p>Concept, design et production du site internet: <a href=\"https:\/\/www.thomasberloffa.com\" target=\"_blank\" rel=\"noopener\">Thomas Berloffa<\/a>, <a href=\"https:\/\/www.4004.it\" target=\"_blank\" rel=\"noopener\">Fabio Carnino<\/a><\/p>\n<p>Charg\u00e9e de Communication : <a href=\"mailto:arianna.sparano@outlook.com\">Arianna Sparano, SYNAPTICA<\/a> et\u00a0Laura Ramaschi, <a href=\"http:\/\/www.factaetverba.com\" target=\"_blank\" rel=\"noopener\">Facta &amp; Verba<\/a><\/p>\n<p>Photos : <a href=\"http:\/\/www.cdumoulin.com\/?media_tag=bergheim\">Christophe Dumoulin<\/a>, Lucas Nicolao<\/p>\n<p>Video : Patrick Liecht<\/p>\n","protected":false},"excerpt":{"rendered":"<p>Ce site internet est le r\u00e9sultat d\u2019une coop\u00e9ration cr\u00e9ative, en co-cr\u00e9ation avec le Pr. Ph. Bachellier et son \u00e9quipe : Concept, design et production du site internet: Thomas Berloffa, Fabio Carnino Charg\u00e9e de Communication : Arianna Sparano, SYNAPTICA et\u00a0Laura Ramaschi, Facta &amp; Verba Photos : Christophe Dumoulin, Lucas Nicolao Video : Patrick Liecht<\/p>\n","protected":false},"author":1,"featured_media":0,"parent":0,"menu_order":0,"comment_status":"closed","ping_status":"closed","template":"","meta":{"footnotes":""},"class_list":["post-478","page","type-page","status-publish","hentry"],"_links":{"self":[{"href":"https:\/\/chirurgiefoiepancreas.fr\/fr\/wp-json\/wp\/v2\/pages\/478","targetHints":{"allow":["GET"]}}],"collection":[{"href":"https:\/\/chirurgiefoiepancreas.fr\/fr\/wp-json\/wp\/v2\/pages"}],"about":[{"href":"https:\/\/chirurgiefoiepancreas.fr\/fr\/wp-json\/wp\/v2\/types\/page"}],"author":[{"embeddable":true,"href":"https:\/\/chirurgiefoiepancreas.fr\/fr\/wp-json\/wp\/v2\/users\/1"}],"replies":[{"embeddable":true,"href":"https:\/\/chirurgiefoiepancreas.fr\/fr\/wp-json\/wp\/v2\/comments?post=478"}],"version-history":[{"count":5,"href":"https:\/\/chirurgiefoiepancreas.fr\/fr\/wp-json\/wp\/v2\/pages\/478\/revisions"}],"predecessor-version":[{"id":501,"href":"https:\/\/chirurgiefoiepancreas.fr\/fr\/wp-json\/wp\/v2\/pages\/478\/revisions\/501"}],"wp:attachment":[{"href":"https:\/\/chirurgiefoiepancreas.fr\/fr\/wp-json\/wp\/v2\/media?parent=478"}],"curies":[{"name":"wp","href":"https:\/\/api.w.org\/{rel}","templated":true}]}}