{"id":37,"date":"2018-12-11T14:48:29","date_gmt":"2018-12-11T13:48:29","guid":{"rendered":"http:\/\/chirurgiefoiepancreas.fr\/fr\/?page_id=37"},"modified":"2024-12-20T11:57:38","modified_gmt":"2024-12-20T10:57:38","slug":"lassociation","status":"publish","type":"page","link":"https:\/\/chirurgiefoiepancreas.fr\/fr\/lassociation\/","title":{"rendered":"L&rsquo;Association"},"content":{"rendered":"<p>L\u2019association S.O.S Foie-Pancr\u00e9as a \u00e9t\u00e9 cr\u00e9\u00e9e en 2009 au sein du Service de Chirurgie G\u00e9n\u00e9rale, H\u00e9patique, Endocrinienne et Transplantation du CHU de Hautepierre Strasbourg.<\/p>\n<p>L\u2019Association a pour objet:<\/p>\n<ul>\n<li>de promouvoir et d\u00e9velopper les travaux de recherche clinique et fondamentale en chirurgie visc\u00e9rale et en canc\u00e9rologie digestive, plus particuli\u00e8rement dans le domaine des maladies du foie, du pancr\u00e9as et des voies biliaires, ainsi que les travaux de recherche en chirurgie endocrinienne<\/li>\n<li>de promouvoir, coordonner et organiser l\u2019enseignement et la formation continue<\/li>\n<li>de participer \u00e0 l\u2019am\u00e9lioration de la prise en charge et du confort des malades<\/li>\n<\/ul>\n<div id=\"squelch-taas-tab-group-1\" class=\"squelch-taas-tab-group squelch-taas-override\" data-title=\"\" data-disabled=\"false&quot; data-collapsible=\"false&quot; data-active=\"0\" data-event=\"click\"><ul><li class=\"squelch-taas-tab\"><a href=\"#in-tab-content-0-0\">Objectifs<\/a><\/li><li class=\"squelch-taas-tab\"><a href=\"#in-tab-content-0-4\">Faire un don<\/a><\/li><li class=\"squelch-taas-tab\"><a href=\"#in-tab-content-0-5\">Statut et Membres Fondateurs<\/a><\/li><\/ul><div id=\"in-tab-content-0-0\" class=\"\">\n<p><img loading=\"lazy\" decoding=\"async\" class=\"alignnone size-full wp-image-155\" src=\"https:\/\/chirurgiefoiepancreas.fr\/fr\/wp-content\/uploads\/2019\/02\/objectifs.jpg\" alt=\"Objectifs\" width=\"2000\" height=\"1100\" srcset=\"https:\/\/chirurgiefoiepancreas.fr\/fr\/wp-content\/uploads\/2019\/02\/objectifs.jpg 2000w, https:\/\/chirurgiefoiepancreas.fr\/fr\/wp-content\/uploads\/2019\/02\/objectifs-300x165.jpg 300w, https:\/\/chirurgiefoiepancreas.fr\/fr\/wp-content\/uploads\/2019\/02\/objectifs-768x422.jpg 768w, https:\/\/chirurgiefoiepancreas.fr\/fr\/wp-content\/uploads\/2019\/02\/objectifs-1024x563.jpg 1024w\" sizes=\"auto, (max-width: 706px) 89vw, (max-width: 767px) 82vw, 740px\" \/><\/p>\n<h2 style=\"text-align: center;\">Soins et accompagnement<br \/>\nEnseignement et innovation<br \/>\nRecherche dans le domaine du cancer<\/h2>\n<p><strong>Priorit\u00e9s d\u2019action de l\u2019Association :<\/strong><\/p>\n<ol>\n<li>Participer \u00e0 l\u2019am\u00e9lioration des conditions d\u2019accueil des malades et de leur famille<\/li>\n<li>Participer \u00e0 l\u2019am\u00e9lioration des locaux d\u2019hospitalisation<\/li>\n<li>Favoriser le d\u00e9veloppement et l\u2019acquisition de technologies nouvelles notamment dans le domaine de la chirurgie du Foie et du Pancr\u00e9as<\/li>\n<li>Assurer aux m\u00e9decins, chirurgiens et soignants une formation de qualit\u00e9<\/li>\n<li>Affirmer sa capacit\u00e9 \u00e0 g\u00e9n\u00e9rer des projets structurants<\/li>\n<\/ol>\n<div class=\"youtube-responsive-container\"><iframe loading=\"lazy\" src=\"https:\/\/www.youtube-nocookie.com\/embed\/qml49Tp6PUg\" width=\"560\" height=\"315\" frameborder=\"0\" allowfullscreen=\"allowfullscreen\"><\/iframe><\/div>\n<\/div><div id=\"in-tab-content-0-4\" class=\"\">\n<p><img loading=\"lazy\" decoding=\"async\" class=\"wp-image-1413  aligncenter\" title=\"Giving Day 03 d\u00e9cembre 2019\" src=\"https:\/\/chirurgiefoiepancreas.fr\/fr\/wp-content\/uploads\/2023\/11\/faireUnDon_givingDay2022-300x165.jpg\" alt=\"\" width=\"664\" height=\"365\" srcset=\"https:\/\/chirurgiefoiepancreas.fr\/fr\/wp-content\/uploads\/2023\/11\/faireUnDon_givingDay2022-300x165.jpg 300w, https:\/\/chirurgiefoiepancreas.fr\/fr\/wp-content\/uploads\/2023\/11\/faireUnDon_givingDay2022-1024x563.jpg 1024w, https:\/\/chirurgiefoiepancreas.fr\/fr\/wp-content\/uploads\/2023\/11\/faireUnDon_givingDay2022-768x422.jpg 768w, https:\/\/chirurgiefoiepancreas.fr\/fr\/wp-content\/uploads\/2023\/11\/faireUnDon_givingDay2022-1536x845.jpg 1536w, https:\/\/chirurgiefoiepancreas.fr\/fr\/wp-content\/uploads\/2023\/11\/faireUnDon_givingDay2022.jpg 2000w\" sizes=\"auto, (max-width: 664px) 100vw, 664px\" \/><\/p>\n<p>Gr\u00e2ce \u00e0 votre g\u00e9n\u00e9rosit\u00e9, l\u2019Association \u0153uvre aux c\u00f4t\u00e9s des H\u00f4pitaux Universitaires de Strasbourg et contribue \u00e0 maintenir\u00a0un tr\u00e8s\u00a0haut niveau de performance.<\/p>\n<p><div id=\"squelch-taas-tab-group-1\" class=\"squelch-taas-tab-group squelch-taas-override\" data-title=\"\" data-disabled=\"false&quot; data-collapsible=\"false&quot; data-active=\"0\" data-event=\"click\"><ul><li class=\"squelch-taas-tab\"><a href=\"#in-tab-content-1-1\">Faire un don en ligne<\/a><\/li><li class=\"squelch-taas-tab\"><a href=\"#in-tab-content-1-2\">Faire un don par ch\u00e8que<\/a><\/li><li class=\"squelch-taas-tab\"><a href=\"#in-tab-content-1-3\">Faire un don par virement<\/a><\/li><\/ul><div id=\"in-tab-content-1-1\" class=\"\">\n<p><a href=\"https:\/\/www.payassociation.fr\/chirurgiefoiepancreas.fr\/dons\" target=\"_blank\" rel=\"noopener noreferrer\"><img loading=\"lazy\" decoding=\"async\" class=\"alignnone wp-image-318\" title=\"Don par carte bancaire\" src=\"https:\/\/chirurgiefoiepancreas.fr\/fr\/wp-content\/uploads\/2019\/05\/carte-bancaire.gif\" alt=\"Carte Bancaire\" width=\"170\" height=\"130\" \/><\/a><\/p>\n<p><a href=\"https:\/\/www.payasso.fr\/chirurgiefoiepancreas.fr\/dons\" target=\"_blank\" rel=\"noopener noreferrer\">Carte Bancaire<\/a><\/p>\n<h6><span style=\"font-size: small;\">(D\u00e9fiscalisation comprise)<\/span><\/h6>\n<p>Pour en savoir plus sur notre action, envisager un soutien au titre du m\u00e9c\u00e9nat d\u2019entreprise ou faire un don,\u00a0n\u2019h\u00e9sitez pas \u00e0 nous\u00a0contacter par email: <a href=\"mailto:arianna.sparano@outlook.com\">cliquez ici<\/a>.<\/p>\n<p><strong>H\u00f4pital de Hautepierre \u2013 HUS<\/strong><br \/>\n<strong>Service de Chirurgie G\u00e9n\u00e9rale, H\u00e9patique, Endocrinienne et Transplantation<\/strong><br \/>\n1, Avenue Moli\u00e8re &#8211; 67098 STRASBOURG CEDEX<\/p>\n<\/div><div id=\"in-tab-content-1-2\" class=\"\">Par ch\u00e8que d\u2019un montant \u00e0 votre convenance,\u2028 \u00e9mis \u00e0 l\u2019ordre de:<br \/>\nS.O.S. Foie Pancr\u00e9as<br \/>\n\u00e0:<\/p>\n<p>H\u00f4pital de Hautepierre \u2013 HUS<br \/>\nService de Chirurgie G\u00e9n\u00e9rale, H\u00e9patique, Endocrinienne et Transplantation<br \/>\n1 Avenue Moli\u00e8re<br \/>\n67098 STRASBOURG CEDEX<\/div><div id=\"in-tab-content-1-3\" class=\"\">Par virement au compte bancaire suivant :<\/p>\n<p>CCM Schiltigheim \u2028Compte: SOS FOIE PANCREAS<br \/>\nDomiciliation: CCM Schiltigheim<br \/>\n6 Place de Paris<br \/>\nEspace Europ\u00e9en de l\u2019Entreprise<br \/>\n67300 Schiltigheim<br \/>\nRIB: 10278 01010 00021312601 85<br \/>\nIBAN:\u00a0 FR76 1027 8010 1000 0213 1260 185<br \/>\nBIC: CMCI FR 2A<\/div><\/div>\n<\/div><div id=\"in-tab-content-0-5\" class=\"\">\n<p><img loading=\"lazy\" decoding=\"async\" class=\"alignnone size-full wp-image-192\" src=\"https:\/\/chirurgiefoiepancreas.fr\/fr\/wp-content\/uploads\/2019\/02\/statut-1.jpg\" alt=\"Chirurgie Foie Pancr\u00e9as - H\u00f4pital Strasbourg Hautepierre CHU - L'Association - Statut et Membres Fondateurs\" width=\"2000\" height=\"1100\" srcset=\"https:\/\/chirurgiefoiepancreas.fr\/fr\/wp-content\/uploads\/2019\/02\/statut-1.jpg 2000w, https:\/\/chirurgiefoiepancreas.fr\/fr\/wp-content\/uploads\/2019\/02\/statut-1-300x165.jpg 300w, https:\/\/chirurgiefoiepancreas.fr\/fr\/wp-content\/uploads\/2019\/02\/statut-1-768x422.jpg 768w, https:\/\/chirurgiefoiepancreas.fr\/fr\/wp-content\/uploads\/2019\/02\/statut-1-1024x563.jpg 1024w\" sizes=\"auto, (max-width: 706px) 89vw, (max-width: 767px) 82vw, 740px\" \/><\/p>\n<p style=\"text-align: left;\"><strong>Pr Philippe BACHELLIER<\/strong> (Pr\u00e9sident) \u00a0<a href=\"https:\/\/linkedin.com\/in\/philippe-bachellier-98a2bb166\" target=\"_blank\" rel=\"noopener noreferrer\"><img loading=\"lazy\" decoding=\"async\" class=\"alignnone wp-image-167\" style=\"margin-left: 2%; margin-bottom: -2px;\" src=\"https:\/\/chirurgiefoiepancreas.fr\/fr\/wp-content\/uploads\/2019\/02\/Logo-2C-128px-R.png\" alt=\"Linkedin\" width=\"73\" height=\"18\" srcset=\"https:\/\/chirurgiefoiepancreas.fr\/fr\/wp-content\/uploads\/2019\/02\/Logo-2C-128px-R.png 516w, https:\/\/chirurgiefoiepancreas.fr\/fr\/wp-content\/uploads\/2019\/02\/Logo-2C-128px-R-300x74.png 300w\" sizes=\"auto, (max-width: 73px) 100vw, 73px\" \/><\/a><br \/>\n<strong>M. Paul STRUB<\/strong><br \/>\n<strong>Pr Herv\u00e9 LANG<\/strong><br \/>\n<strong>Pr Fran\u00e7ois LEVY<\/strong><br \/>\n<strong>M. Jean-Baptiste GIORDANENGO<\/strong><\/p>\n<p>T\u00e9l\u00e9charger:<br \/>\nle <a href=\"https:\/\/chirurgiefoiepancreas.fr\/fr\/wp-content\/uploads\/2019\/10\/Statuts-SOS-Foie-Pancreas.pdf\" target=\"_blank\" rel=\"noopener noreferrer\">Statut de l\u2019Association SOS Foie Pancr\u00e9as<\/a><br \/>\n(PDF&gt;11MB)<\/div><\/div>\n\n","protected":false},"excerpt":{"rendered":"<p>L\u2019association S.O.S Foie-Pancr\u00e9as a \u00e9t\u00e9 cr\u00e9\u00e9e en 2009 au sein du Service de Chirurgie G\u00e9n\u00e9rale, H\u00e9patique, Endocrinienne et Transplantation du CHU de Hautepierre Strasbourg. L\u2019Association a pour objet: de promouvoir et d\u00e9velopper les travaux de recherche clinique et fondamentale en chirurgie visc\u00e9rale et en canc\u00e9rologie digestive, plus particuli\u00e8rement dans le domaine des maladies du foie, &hellip; <\/p>\n<p class=\"link-more\"><a href=\"https:\/\/chirurgiefoiepancreas.fr\/fr\/lassociation\/\" class=\"more-link\">Continuer la lecture<span class=\"screen-reader-text\"> de &laquo;&nbsp;L&rsquo;Association&nbsp;&raquo;<\/span><\/a><\/p>\n","protected":false},"author":1,"featured_media":146,"parent":0,"menu_order":0,"comment_status":"closed","ping_status":"closed","template":"","meta":{"footnotes":""},"class_list":["post-37","page","type-page","status-publish","has-post-thumbnail","hentry"],"_links":{"self":[{"href":"https:\/\/chirurgiefoiepancreas.fr\/fr\/wp-json\/wp\/v2\/pages\/37","targetHints":{"allow":["GET"]}}],"collection":[{"href":"https:\/\/chirurgiefoiepancreas.fr\/fr\/wp-json\/wp\/v2\/pages"}],"about":[{"href":"https:\/\/chirurgiefoiepancreas.fr\/fr\/wp-json\/wp\/v2\/types\/page"}],"author":[{"embeddable":true,"href":"https:\/\/chirurgiefoiepancreas.fr\/fr\/wp-json\/wp\/v2\/users\/1"}],"replies":[{"embeddable":true,"href":"https:\/\/chirurgiefoiepancreas.fr\/fr\/wp-json\/wp\/v2\/comments?post=37"}],"version-history":[{"count":70,"href":"https:\/\/chirurgiefoiepancreas.fr\/fr\/wp-json\/wp\/v2\/pages\/37\/revisions"}],"predecessor-version":[{"id":1485,"href":"https:\/\/chirurgiefoiepancreas.fr\/fr\/wp-json\/wp\/v2\/pages\/37\/revisions\/1485"}],"wp:featuredmedia":[{"embeddable":true,"href":"https:\/\/chirurgiefoiepancreas.fr\/fr\/wp-json\/wp\/v2\/media\/146"}],"wp:attachment":[{"href":"https:\/\/chirurgiefoiepancreas.fr\/fr\/wp-json\/wp\/v2\/media?parent=37"}],"curies":[{"name":"wp","href":"https:\/\/api.w.org\/{rel}","templated":true}]}}